{"id":56,"date":"2021-08-15T19:18:44","date_gmt":"2021-08-15T19:18:44","guid":{"rendered":"https:\/\/uhendus.ee\/?page_id=56"},"modified":"2025-08-07T11:31:11","modified_gmt":"2025-08-07T11:31:11","slug":"56-2","status":"publish","type":"page","link":"https:\/\/uhendus.ee\/","title":{"rendered":"home"},"content":{"rendered":"<p>[et_pb_section fb_built=&#8221;1&#8243; _builder_version=&#8221;4.9.11&#8243; _module_preset=&#8221;default&#8221; global_colors_info=&#8221;{}&#8221;][et_pb_row _builder_version=&#8221;4.9.11&#8243; _module_preset=&#8221;default&#8221; global_colors_info=&#8221;{}&#8221;][et_pb_column type=&#8221;4_4&#8243; _builder_version=&#8221;4.9.11&#8243; _module_preset=&#8221;default&#8221; global_colors_info=&#8221;{}&#8221;][et_pb_image src=&#8221;https:\/\/uhendus.ee\/wp-content\/uploads\/2025\/08\/VL-uhenduse-skeem-pdf.jpg&#8221; title_text=&#8221;VL u\u0308henduse skeem&#8221; _builder_version=&#8221;4.9.11&#8243; _module_preset=&#8221;default&#8221; hover_enabled=&#8221;0&#8243; global_colors_info=&#8221;{}&#8221; sticky_enabled=&#8221;0&#8243;][\/et_pb_image][\/et_pb_column][\/et_pb_row][et_pb_row _builder_version=&#8221;4.9.11&#8243; _module_preset=&#8221;default&#8221; custom_padding=&#8221;29px|||||&#8221; global_colors_info=&#8221;{}&#8221;][et_pb_column type=&#8221;4_4&#8243; _builder_version=&#8221;4.9.11&#8243; _module_preset=&#8221;default&#8221; global_colors_info=&#8221;{}&#8221;][et_pb_text _builder_version=&#8221;4.9.11&#8243; _module_preset=&#8221;default&#8221; custom_padding=&#8221;||2px|||&#8221; global_colors_info=&#8221;{}&#8221;]<\/p>\n<p><b>Aus, avatud ja kaasav juhtimine<\/b><span style=\"font-weight: 400;\">\u00a0<\/span><\/p>\n<p style=\"text-align: justify;\"><span style=\"font-weight: 400;\">Juhime valda ausalt, avatult ja elanikke kaasates. Oleme omakandi inimesed ja meil on Sinu jaoks aega. Ajame asju kiiresti, kaasame meeskonda parimad spetsialistid ning arutame plaane koos valla elanikega.\u00a0<\/span><\/p>\n<ul>\n<li><span style=\"font-weight: 400;\">\u00dckski mure ei ole liiga suur v\u00f5i v\u00e4ike, et sellest mitte teada anda.\u00a0<\/span><\/li>\n<li><span style=\"font-weight: 400;\">Asjaajamine on lihtne, kiire ja mugav.\u00a0<\/span><\/li>\n<li><span style=\"font-weight: 400;\">\u00dckski ettev\u00f5tmine ei takerdu asjatusse b\u00fcrokraatiasse.\u00a0<\/span><\/li>\n<li><span style=\"font-weight: 400;\">Teeme koost\u00f6\u00f6d, sest probleemid ja v\u00f5imalused ei tunne valla piire.\u00a0<\/span><\/li>\n<li><span style=\"font-weight: 400;\">Toome valda rahvusvahelistest kogemust ja projektip\u00f5hist oskusteavet.<\/span><\/li>\n<\/ul>\n<p><b>Turvaline ja roheline keskkond<\/b><span style=\"font-weight: 400;\">\u00a0<\/span><\/p>\n<p style=\"text-align: justify;\"><span style=\"font-weight: 400;\">Seisame selle eest, et igas valla nurgas on turvaline ja roheline elukeskkond, kus tunnevad end h\u00e4sti nii eramajaomanikud, kortermajade elanikud kui suvitajad. Leiame tasakaalu inimeste mugavuse ja turvatunde ning mitmekesise looduskeskkonna s\u00e4ilitamise vahel. Loodushoid peab muutuma igap\u00e4evaelu loomulikuks osaks, mille nimel tuleb \u00fchiselt pingutada.\u00a0<\/span><\/p>\n<ul>\n<li><span style=\"font-weight: 400;\">V\u00f5tame aega valla \u00fcldplaneeringu l\u00e4bi r\u00e4\u00e4kimiseks erinevate huvigruppidega ja arvestame sealjuures ka elusloodusega, kes enda eest k\u00f5nelda ei saa.\u202f\u00a0<\/span><\/li>\n<li><span style=\"font-weight: 400;\">S\u00e4ilitame loodusl\u00e4hedase elukeskkonna, kus inimene ja loodus elavad koostoimes ning \u00fcks ei kannata teise p\u00e4rast.\u00a0<\/span><\/li>\n<li><span style=\"font-weight: 400;\">J\u00e4tkame rohevalla idee arendamisega, et luua inims\u00f5braliku, s\u00e4\u00e4stliku ja nutika elukorraldusega omavalitsusmudel.\u00a0<\/span><\/li>\n<li><span style=\"font-weight: 400;\">J\u00e4tkame asulakeskuste korrastamist, l\u00e4htudes kogukondade vajadustest ja valla piirkondlikust tasakaalustatusest. J\u00e4tkame j\u00e4\u00e4tmemajanduse korrastamist ja loome v\u00f5imalusi ringmajanduse edendamiseks\u00a0<\/span><\/li>\n<li><span style=\"font-weight: 400;\">Toetame korteri\u00fchistuid igal aastal v\u00e4hemalt 40 000 euroga, et korrastada kortermajade hoovid, parklad ja rajada pr\u00fcgimajad.\u00a0<\/span><\/li>\n<li><span style=\"font-weight: 400;\">Panustame kodukoha turvalisusesse.\u00a0<\/span><\/li>\n<li><span style=\"font-weight: 400;\">J\u00e4tkame lemmikloomade kiibistamise ja vaktsineerimise kampaaniatega.<\/span><\/li>\n<\/ul>\n<p><b>Toimiv, hooldatud ja kaasaegne taristu<\/b><span style=\"font-weight: 400;\">\u00a0<\/span><\/p>\n<p style=\"text-align: justify;\"><span style=\"font-weight: 400;\">Hoolitseme selle eest, et valla taristu oleks kaasaegne, korras ja elanikele mugav. Tagame turvalised ja mitmekesised \u00fchendused kogu vallas \u2013 nii vallasiseselt kui ka v\u00e4ljapoole, olenemata transpordiviisist. \u00dchistransport on korraldatud vajadusp\u00f5hiselt, mugavalt ja m\u00f5istlikult.\u202f\u00a0<\/span><\/p>\n<ul>\n<li><span style=\"font-weight: 400;\">J\u00e4tkame valla teede v\u00f5rgustiku korrastamisega ning pingutame selle nimel, et iga\u00fche kodutee oleks heas seisus.\u00a0\u00a0<\/span><\/li>\n<li><span style=\"font-weight: 400;\">Viime igal aastal musta katte alla v\u00e4hemalt 1 km kruusateid ning kavandame ligip\u00e4\u00e4sud avalikele ranna- ja puhkealadele.\u00a0<\/span><\/li>\n<li><span style=\"font-weight: 400;\">Tagame kaasaegse ja toimiva kooli- ja \u00fchistranspordis\u00fcsteemi.\u00a0\u00a0<\/span><\/li>\n<li><span style=\"font-weight: 400;\">J\u00e4tkame vallale kuuluvate spordirajatiste korrastamist ja rajamist suurematesse asustus\u00fcksustesse piirkondlikult tasakaalustatud viisil ning toetame kogukondlikke algatusi.\u00a0<\/span><\/li>\n<li><span style=\"font-weight: 400;\">J\u00e4tkame \u00fchisveev\u00e4rgi arendamist.\u00a0\u00a0<\/span><\/li>\n<li><span style=\"font-weight: 400;\">J\u00e4tkame hajaasustuse programmiga.\u00a0 <\/span><\/li>\n<\/ul>\n<p><b>Kvaliteetne ja arvestav haridus<\/b><span style=\"font-weight: 400;\">\u00a0<\/span><\/p>\n<p style=\"text-align: justify;\"><span style=\"font-weight: 400;\">V\u00f5tame oma s\u00fcdameasjaks selle, et L\u00e4\u00e4ne-Harju valla lapsed saavad kvaliteetset ja konkurentsiv\u00f5imelist haridust koolides ja lasteaedades, kus iga\u00fche erip\u00e4raga arvestatakse.\u00a0<\/span><\/p>\n<ul>\n<li><span style=\"font-weight: 400;\">Korrastame valla haridusv\u00f5rku.\u00a0\u00a0<\/span><\/li>\n<li><span style=\"font-weight: 400;\">Toetame eestikeelsele haridusele t\u00f5husamat \u00fcleminekut.\u00a0<\/span><\/li>\n<li><span style=\"font-weight: 400;\">Panustame sellesse, et koolides on kaasaegne ja toetav \u00f5pikeskkond.\u00a0<\/span><\/li>\n<li><span style=\"font-weight: 400;\">Kvalifitseeritud ja motiveeritud haridust\u00f6\u00f6tajad l\u00e4htuvad iga \u00f5ppija vajadustest.\u00a0\u00a0<\/span><\/li>\n<li><span style=\"font-weight: 400;\">Tagame, et igas haridusasutuses on olemas vajalikud ja toimivad tugiteenused.\u00a0<\/span><\/li>\n<li><span style=\"font-weight: 400;\">Leiame paindlikke lahendusi lasteaiakoha valikul.\u00a0\u00a0<\/span><\/li>\n<li><span style=\"font-weight: 400;\">J\u00e4tkame lasteaia kohatasu soodustuste pakkumist valla elanikele.\u00a0<\/span><\/li>\n<li><span style=\"font-weight: 400;\">Tasuta ja tervislik koolil\u00f5una k\u00f5igile \u00f5pilastele.\u00a0<\/span><\/li>\n<li><span style=\"font-weight: 400;\">V\u00f5tame fookusesse koolitoidu kvaliteedi ning pakume k\u00f5igile \u00f5pilastele tasuta tervislikku koolil\u00f5unat<\/span><\/li>\n<\/ul>\n<p><b>Vajadusp\u00f5hine ja k\u00e4ttesaadav sotsiaals\u00fcsteem<\/b><span style=\"font-weight: 400;\">\u00a0<\/span><\/p>\n<p style=\"text-align: justify;\"><span style=\"font-weight: 400;\">Lubame, et mitte keegi ei j\u00e4\u00e4 oma murega \u00fcksi. Me k\u00f5ik v\u00f5ime sattuda raskustesse ning vajada abi ja toetust. Tagame igale vallaelanikule v\u00e4\u00e4rika elukaare ning toetame neid, kes vajavad tuge \u2013 olgu selleks tervisemured, majanduslik raskus v\u00f5i sotsiaalne haavatavus.\u00a0\u00a0<\/span><\/p>\n<ul>\n<li><span style=\"font-weight: 400;\">Arendame koduhooldusteenust ning parandame abivahendite k\u00e4ttesaadavust, et v\u00e4hendada l\u00e4hedaste koormust.\u202f\u00a0<\/span><\/li>\n<li><span style=\"font-weight: 400;\">Loome tugikeskuse baasil sotsiaalteenuseid pakkuva ja arendava keskuse, <\/span><span style=\"font-weight: 400;\">mis pakub ja arendab sotsiaalteenuseid eri vanuses ja vajadustega inimestele.<\/span><span style=\"font-weight: 400;\">\u00a0\u00a0<\/span><\/li>\n<li><span style=\"font-weight: 400;\">Tegeleme aktiivselt ennetusega, et hoida \u00e4ra vallaelanike sotsiaalprobleeme ja tervisemuresid.\u202f\u00a0<\/span><\/li>\n<li><span style=\"font-weight: 400;\">Toetame tervisedendust ja loome perearstidele paremad t\u00f6\u00f6tingimused.<\/span><\/li>\n<li><span style=\"font-weight: 400;\">Toetame majanduslikes raskustes peresid, h\u00fcvitades kord aastas \u00fche lastelaagri osalustasu \u2013 teeme seda l\u00e4bim\u00f5eldult, piiratud ressursside piires ning lastekaitse spetsialistide soovituste p\u00f5hjal.<\/span><\/li>\n<li><span style=\"font-weight: 400;\">Suurendame s\u00fcnnitoetust<\/span><\/li>\n<\/ul>\n<p><b>Tegus, terve ja \u00fchtehoidev kogukond<\/b><span style=\"font-weight: 400;\">\u00a0<\/span><\/p>\n<p style=\"text-align: justify;\"><span style=\"font-weight: 400;\">Meie vallas on tegusad, terved ja \u00fchtehoidvad kogukonnad, kus iga\u00fcks saab panustada oma kodukandi arengusse. <\/span><span style=\"font-weight: 400;\">Toetame omaalgatusel ja koost\u00f6\u00f6l p\u00f5hinevaid ettev\u00f5tmisi alates \u00fchis\u00fcritustest kuni avaliku ruumi arendamiseni. Loome v\u00f5imalusi aktiivseks osalemiseks valla arengus \u2013 kuulame kogukondi ja kaasame elanikke otsustusprotsessidesse.<\/span><\/p>\n<ul>\n<li><span style=\"font-weight: 400;\">Teeme tihedat koost\u00f6\u00f6d kohalike seltside ja mittetulundus\u00fchingutega, tunnustame ja julgustame uute MT\u00dc-de tekkimist ning j\u00e4tkame nende toetamist.<\/span><\/li>\n<li><span style=\"font-weight: 400;\">Arendame vallaelanike kriisivalmidust ja tugevdame kogukonna turvatunnet.<\/span><\/li>\n<li><span style=\"font-weight: 400;\">Loome v\u00f5imalusi aktiivseks osalemiseks valla arengus \u2013 kuulame kogukondi ja kaasame elanikke otsustusprotsessidesse.<\/span><\/li>\n<li><span style=\"font-weight: 400;\">J\u00e4tkame kultuuri\u00fcrituste korraldamist ja toetame nende laiap\u00f5hjalist toimumist \u00fcle valla.<\/span><\/li>\n<li><span style=\"font-weight: 400;\">J\u00e4tkame t\u00f6\u00f6d selle nimel, et iga l\u00e4\u00e4neharjuvallakas tahab olla valla registreeritud elanik.\u202f\u202f\u00a0<\/span><\/li>\n<\/ul>\n<p><b>Noored<\/b><\/p>\n<p><span style=\"font-weight: 400;\">Noored on meie t\u00e4nased tegijad ja homsed otsustajad. Loome keskkonna, kus noored saavad kaasa r\u00e4\u00e4kida, tegutseda ja kasvada turvalises, toetavas ja v\u00f5imalusi pakkuvas kogukonnas. Toetame noorte algatusi, osalust ja arengut nii hariduses, huvitegevuses kui kodukoha kujundamises.<\/span><\/p>\n<ul>\n<li><span style=\"font-weight: 400;\">Kaasame noori ning loome tugeva ja toetava koost\u00f6\u00f6v\u00f5rgustiku.<\/span><\/li>\n<li><span style=\"font-weight: 400;\">Kuulame noori ja arvestame nende vajadustega otsustes, mis puudutavad nende elu ja tulevikuvaateid.Toetame noorte aktiivset kaasal\u00f6\u00f6mist valla arengus.<\/span><\/li>\n<li><span style=\"font-weight: 400;\">Toetame noorte omaalgatusi ja anname v\u00f5imalusi ideede elluviimiseks.<\/span><\/li>\n<li><span style=\"font-weight: 400;\">Toetame huviharidust, et iga noor leiab eneseteostuseks sobiva tee.\u00a0<\/span><\/li>\n<li><span style=\"font-weight: 400;\">Loome noortele inspireerivaid liikumise ja vaba aja veetmise kohti.<\/span><\/li>\n<li><span style=\"font-weight: 400;\">Tunnustame silmapaistvaid noori sportlasi.\u00a0<\/span><\/li>\n<\/ul>\n<p><b>Ettev\u00f5tlus<\/b><\/p>\n<p><span style=\"font-weight: 400;\">Meie eesm\u00e4rk on kujundada L\u00e4\u00e4ne-Harju piirkonnast ettev\u00f5tlust toetav ja tasakaalukas keskkond, kus hea m\u00f5te saab teoks. Soodustame rohetehnoloogiate ja lisandv\u00e4\u00e4rtust loova ettev\u00f5tluse arengut, mis sobitub elu- ja looduskeskkonnaga. Peame oluliseks, et v\u00f5imalikult paljud inimesed leiaksid kodul\u00e4hedase t\u00f6\u00f6 ning saaksid panustada piirkonna arengusse. Ettev\u00f5tjatele tagame kiire ja sujuva asjaajamise.<\/span><\/p>\n<ul>\n<li style=\"font-weight: 400;\" aria-level=\"1\"><span style=\"font-weight: 400;\">Meie vallas on ettev\u00f5tlus au sees ning v\u00f5imalusi oma tegevusega just siin alustada palju.<\/span><\/li>\n<li style=\"font-weight: 400;\" aria-level=\"1\"><span style=\"font-weight: 400;\">Oleme t\u00f5usmas rohetehnoloogiate kantsiks, mille vastu on huvi tundmast j\u00e4rjest enam suurettev\u00f5tteid ja investoreid ehk tulevasi potentsiaalseid t\u00f6\u00f6andjaid.<\/span><\/li>\n<li style=\"font-weight: 400;\" aria-level=\"1\"><span style=\"font-weight: 400;\">Teeme ettev\u00f5tetega igak\u00fclgset koost\u00f6\u00f6d, et tagada meie elanikele parim elukeskkond ja teenuste kvaliteet.<\/span><\/li>\n<li style=\"font-weight: 400;\" aria-level=\"1\"><span style=\"font-weight: 400;\">Oleme koost\u00f6\u00f6s ettev\u00f5tjatega seadnud sisse soodustuste paketi eesliinit\u00f6\u00f6tajatele ja kaitsev\u00e4elastele.<\/span><\/li>\n<li style=\"font-weight: 400;\" aria-level=\"1\"><span style=\"font-weight: 400;\">Tervitame oma vallas neid ettev\u00f5tjaid, kes soovivad lisaks kasumile panustada ka elanike heaolusse ning hoiavad keskkonda.<\/span><\/li>\n<li style=\"font-weight: 400;\" aria-level=\"1\"><span style=\"font-weight: 400;\">Tunnustame oma vallas tegutsevaid ettev\u00f5tjaid ning peame \u00fchtviisi t\u00e4htsaks nii \u00fchemehefirmasid kui suurettev\u00f5tjaid.<\/span><\/li>\n<li style=\"font-weight: 400;\" aria-level=\"1\"><span style=\"font-weight: 400;\">Toome piirkonda rahvusvahelist kogemust ja oskusteavet l\u00e4bi projektip\u00f5hise koost\u00f6\u00f6.<\/span><\/li>\n<li style=\"font-weight: 400;\" aria-level=\"1\"><span style=\"font-weight: 400;\">Toetame ettev\u00f5tlus\u00f5pet ja noorte ettev\u00f5tlikkuse arendamist, et tulevikutegijad kasvaksid oma kodukandis.<\/span><\/li>\n<li style=\"font-weight: 400;\" aria-level=\"1\"><span style=\"font-weight: 400;\">Toetame \u00fchisturundust ja koost\u00f6\u00f6d ettev\u00f5tjatega piirkonna maine kujundamisel, et tuua siia uusi investeeringuid ja t\u00f6\u00f6kohti.<\/span><\/li>\n<\/ul>\n<p><span style=\"font-weight: 400;\"><\/span><\/p>\n<p><span style=\"font-weight: 400;\"><span>Tutvu meie kandidaatidega Facebookis ja vajuta <a href=\"https:\/\/www.facebook.com\/laaneharjuVLY\" target=\"_blank\" rel=\"noopener\" title=\"Valimisliit \u00dchendus \">SIIA\u00a0<\/a><\/span><\/span><\/p>\n<p>[\/et_pb_text][\/et_pb_column][\/et_pb_row][\/et_pb_section]<\/p>\n","protected":false},"excerpt":{"rendered":"<p>Aus, avatud ja kaasav juhtimine\u00a0 Juhime valda ausalt, avatult ja elanikke kaasates. Oleme omakandi inimesed ja meil on Sinu jaoks aega. Ajame asju kiiresti, kaasame meeskonda parimad spetsialistid ning arutame plaane koos valla elanikega.\u00a0 \u00dckski mure ei ole liiga suur v\u00f5i v\u00e4ike, et sellest mitte teada anda.\u00a0 Asjaajamine on lihtne, kiire ja mugav.\u00a0 \u00dckski ettev\u00f5tmine [&hellip;]<\/p>\n","protected":false},"author":1,"featured_media":0,"parent":0,"menu_order":0,"comment_status":"closed","ping_status":"closed","template":"","meta":{"_et_pb_use_builder":"on","_et_pb_old_content":"","_et_gb_content_width":"","footnotes":""},"class_list":["post-56","page","type-page","status-publish","hentry"],"_links":{"self":[{"href":"https:\/\/uhendus.ee\/index.php?rest_route=\/wp\/v2\/pages\/56","targetHints":{"allow":["GET"]}}],"collection":[{"href":"https:\/\/uhendus.ee\/index.php?rest_route=\/wp\/v2\/pages"}],"about":[{"href":"https:\/\/uhendus.ee\/index.php?rest_route=\/wp\/v2\/types\/page"}],"author":[{"embeddable":true,"href":"https:\/\/uhendus.ee\/index.php?rest_route=\/wp\/v2\/users\/1"}],"replies":[{"embeddable":true,"href":"https:\/\/uhendus.ee\/index.php?rest_route=%2Fwp%2Fv2%2Fcomments&post=56"}],"version-history":[{"count":22,"href":"https:\/\/uhendus.ee\/index.php?rest_route=\/wp\/v2\/pages\/56\/revisions"}],"predecessor-version":[{"id":112,"href":"https:\/\/uhendus.ee\/index.php?rest_route=\/wp\/v2\/pages\/56\/revisions\/112"}],"wp:attachment":[{"href":"https:\/\/uhendus.ee\/index.php?rest_route=%2Fwp%2Fv2%2Fmedia&parent=56"}],"curies":[{"name":"wp","href":"https:\/\/api.w.org\/{rel}","templated":true}]}}